{"id":2173,"date":"2025-05-14T06:50:55","date_gmt":"2025-05-14T12:50:55","guid":{"rendered":"https:\/\/casa-romantica.net\/?page_id=2173"},"modified":"2025-05-14T06:54:51","modified_gmt":"2025-05-14T12:54:51","slug":"hotel-policies","status":"publish","type":"page","link":"https:\/\/casa-romantica.net\/es\/hotel-policies\/","title":{"rendered":"Pol\u00edticas del hotel"},"content":{"rendered":"<style>.elementor-2173 .elementor-element.elementor-element-51691cf{--display:flex;--margin-top:80px;--margin-bottom:50px;--margin-left:0px;--margin-right:0px;}<\/style>\t\t<div data-elementor-type=\"wp-page\" data-elementor-id=\"2173\" class=\"elementor elementor-2173\" data-elementor-post-type=\"page\">\n\t\t\t\t<div class=\"elementor-element elementor-element-51691cf e-flex e-con-boxed e-con e-parent\" data-id=\"51691cf\" data-element_type=\"container\" data-e-type=\"container\">\n\t\t\t\t\t<div class=\"e-con-inner\">\n\t\t\t\t<div class=\"elementor-element elementor-element-3ff4efc elementor-widget elementor-widget-text-editor\" data-id=\"3ff4efc\" data-element_type=\"widget\" data-e-type=\"widget\" data-widget_type=\"text-editor.default\">\n\t\t\t\t<div class=\"elementor-widget-container\">\n\t\t\t\t\t\t\t\t\t<h2 style=\"text-align: center;\"><strong>POL\u00cdTICAS DEL HOTEL<\/strong><\/h2><ol><li>Todos los hu\u00e9spedes que se registren deben tener al menos 18 a\u00f1os y presentar una identificaci\u00f3n con fotograf\u00eda al momento del check-in.<br \/><br \/><\/li><li>El registro de entrada es a las 14:00 y la salida a las 11:30. Se cobrar\u00e1 una hora de salida despu\u00e9s de las 11:30 hasta las 17:00. Sujeto a disponibilidad. Las salidas despu\u00e9s de las 17:00 tendr\u00e1n un cargo adicional equivalente a una noche completa de estancia.<br \/><br \/><\/li><li>El impuesto de venta est\u00e1ndar de Costa Rica est\u00e1 incluido en el precio de la habitaci\u00f3n.<br \/><br \/><\/li><li>El desayuno servido en el restaurante est\u00e1 incluido en la tarifa.<br \/><br \/><\/li><li>Todas las reservas ser\u00e1n confirmadas por correo electr\u00f3nico.<br \/><br \/><\/li><li>All modifications or cancellations must be submitted in writing (via email) to our reservation contact (email: <span \n                data-original-string=\"FlcS3KHzoLcdiDUhdHCjYQ==d41ltWw9d2QC3ed6TnWqMcc7uzirLTTvHQe4k1UhlSVfE8=\"\n                class=\"apbct-email-encoder\"\n                title=\"This contact has been encoded by Anti-Spam by CleanTalk. Click to decode. To finish the decoding make sure that JavaScript is enabled in your browser.\">\n        <span class='apbct-ee-blur-group'>\n            <span class='apbct-ee-blur_email-text'>in**@ca************.net<\/span>\n            <span class='apbct-ee-static-blur'>\n                <span class='apbct-ee-blur apbct-ee-blur_rectangle-init'><\/span>\n                <span class='apbct-ee-blur apbct-ee-blur_rectangle-soft'><\/span>\n                <span class='apbct-ee-blur apbct-ee-blur_rectangle-hard'><\/span>\n            <\/span>\n            <span class='apbct-ee-animate-blur'>\n                <span class='apbct-ee-blur apbct-ee-blur_rectangle-init apbct-ee-blur_animate-init'><\/span>\n                <span class='apbct-ee-blur apbct-ee-blur_rectangle-soft apbct-ee-blur_animate-soft'><\/span>\n                <span class='apbct-ee-blur apbct-ee-blur_rectangle-hard apbct-ee-blur_animate-hard'><\/span>\n            <\/span>\n        <\/span>\n<\/span>).<br \/><br \/><\/li><li>Las solicitudes de cancelaci\u00f3n deben incluir el nombre completo del hu\u00e9sped, el n\u00famero de personas (adultos y ni\u00f1os) incluidas en la reserva y las fechas de llegada y salida.<br \/><br \/><\/li><li>Dado que nuestro hotel colinda con el Refugio de Vida Silvestre Ostional (zona de Playa Guiones), agradecemos su compromiso para ayudarnos a proteger esta importante \u00e1rea. Le agradecemos que se una a nuestros esfuerzos de conservaci\u00f3n, ahorrando agua y electricidad, reduciendo los residuos y adoptando pr\u00e1cticas sostenibles durante su estancia.<br \/><br \/><\/li><li>De acuerdo con la Ley N.\u00b0 9028 de Costa Rica, est\u00e1 prohibido fumar y vapear en todas las \u00e1reas p\u00fablicas del pa\u00eds. Adem\u00e1s, todas las habitaciones son libres de humo y vapor. Si desea fumar o vapear, consulte en recepci\u00f3n sobre las \u00e1reas designadas.<br \/><br \/><\/li><li>Las preferencias de habitaci\u00f3n y las solicitudes especiales (es decir, ubicaci\u00f3n o asignaci\u00f3n de la habitaci\u00f3n) no est\u00e1n garantizadas y est\u00e1n sujetas a disponibilidad al momento del check-in.<br \/><br \/><\/li><li>Aparcamiento gratuito. Sujeto a disponibilidad.<\/li><\/ol>\t\t\t\t\t\t\t\t<\/div>\n\t\t\t\t<\/div>\n\t\t\t\t\t<\/div>\n\t\t\t\t<\/div>\n\t\t\t\t<\/div>","protected":false},"excerpt":{"rendered":"<p>HOTEL POLICIES All guests registering must be at least 18 years old and present photo identification upon check-in. Check-in is at 2:00 p.m. and check-out is at 11:30 a.m. Late check-out will be charged for each hour after 11:30 a.m., until 5:00 p.m. Subject to availability. For check-outs after 5:00 p.m., there will be an [&hellip;]<\/p>","protected":false},"author":554,"featured_media":0,"parent":0,"menu_order":0,"comment_status":"closed","ping_status":"closed","template":"","meta":{"_acf_changed":false,"footnotes":""},"class_list":["post-2173","page","type-page","status-publish","hentry"],"acf":[],"_links":{"self":[{"href":"https:\/\/casa-romantica.net\/es\/wp-json\/wp\/v2\/pages\/2173","targetHints":{"allow":["GET"]}}],"collection":[{"href":"https:\/\/casa-romantica.net\/es\/wp-json\/wp\/v2\/pages"}],"about":[{"href":"https:\/\/casa-romantica.net\/es\/wp-json\/wp\/v2\/types\/page"}],"author":[{"embeddable":true,"href":"https:\/\/casa-romantica.net\/es\/wp-json\/wp\/v2\/users\/554"}],"replies":[{"embeddable":true,"href":"https:\/\/casa-romantica.net\/es\/wp-json\/wp\/v2\/comments?post=2173"}],"version-history":[{"count":5,"href":"https:\/\/casa-romantica.net\/es\/wp-json\/wp\/v2\/pages\/2173\/revisions"}],"predecessor-version":[{"id":2178,"href":"https:\/\/casa-romantica.net\/es\/wp-json\/wp\/v2\/pages\/2173\/revisions\/2178"}],"wp:attachment":[{"href":"https:\/\/casa-romantica.net\/es\/wp-json\/wp\/v2\/media?parent=2173"}],"curies":[{"name":"wp","href":"https:\/\/api.w.org\/{rel}","templated":true}]}}